{"id":83,"date":"2026-03-27T12:55:47","date_gmt":"2026-03-27T12:55:47","guid":{"rendered":"https:\/\/meier-energie.li\/?page_id=83"},"modified":"2026-03-31T20:40:21","modified_gmt":"2026-03-31T20:40:21","slug":"ueber-mich","status":"publish","type":"page","link":"https:\/\/meier-energie.li\/index.php\/ueber-mich\/","title":{"rendered":"\u00dcber mich"},"content":{"rendered":"\t\t<div data-elementor-type=\"wp-page\" data-elementor-id=\"83\" class=\"elementor elementor-83\">\n\t\t\t\t<div class=\"elementor-element elementor-element-40de693 e-flex e-con-boxed e-con e-parent\" data-id=\"40de693\" data-element_type=\"container\" data-e-type=\"container\">\n\t\t\t\t\t<div class=\"e-con-inner\">\n\t\t\t\t<div class=\"elementor-element elementor-element-0119d5a elementor-widget elementor-widget-text-editor\" data-id=\"0119d5a\" data-element_type=\"widget\" data-e-type=\"widget\" data-widget_type=\"text-editor.default\">\n\t\t\t\t\t\t\t\t\t<p>Mein Name ist Lars Meier. Ich lebe in Mauren und bin seit Anfang 2026 als selbstst\u00e4ndiger Dienstleister im Bereich Elektro, Abrechnung und Energiemanagement t\u00e4tig.<\/p>\n<p>Mein Weg begann mit der Lehre als Elektroinstallateur. Darauf aufbauend habe ich mich kontinuierlich weitergebildet \u2013 vom Sicherheitsberater \u00fcber den Elektro-Projektleiter Installation und Sicherheit bis hin zum Elektroinstallations- und Sicherheitsexperten (Meisterpr\u00fcfung). Dieses breite Fachwissen bildet die Grundlage f\u00fcr meine t\u00e4gliche Arbeit.<\/p>\n<p>Ich habe mich auf Abrechnungsdienstleistungen f\u00fcr Energie sowie Nebenkosten (W\u00e4rme und Wasser) spezialisiert, biete unabh\u00e4ngige Elektrokontrollen an und verf\u00fcge \u00fcber grosse Erfahrung im Energie\u00admanagement. Dabei unterst\u00fctze ich meine Kunden beim Abrechnen, Auswerten und Optimieren&nbsp;ihres Energieverbrauchs \u2013 zuverl\u00e4ssig, verst\u00e4ndlich und praxisnah.<\/p>\n<p>Als Einzelunternehmer arbeite ich flexibel, pers\u00f6nlich und direkt \u2013 ohne Umwege. Mein Ziel ist es, Ihnen Dienstleistungen zu bieten, die nicht nur technisch einwandfrei, sondern auch effizient und nachvollziehbar sind.<\/p>\t\t\t\t\t\t\t\t<\/div>\n\t\t\t\t\t<\/div>\n\t\t\t\t<\/div>\n\t\t\t\t<\/div>\n\t\t","protected":false},"excerpt":{"rendered":"<p>Mein Name ist Lars Meier. Ich lebe in Mauren und bin seit Anfang 2026 als selbstst\u00e4ndiger Dienstleister im Bereich Elektro, Abrechnung und Energiemanagement t\u00e4tig. Mein Weg begann mit der Lehre als Elektroinstallateur. Darauf aufbauend habe ich mich kontinuierlich weitergebildet \u2013 vom Sicherheitsberater \u00fcber den Elektro-Projektleiter Installation und Sicherheit bis hin zum Elektroinstallations- und Sicherheitsexperten (Meisterpr\u00fcfung). &hellip; <\/p>\n<p class=\"link-more\"><a href=\"https:\/\/meier-energie.li\/index.php\/ueber-mich\/\" class=\"more-link\"><span class=\"screen-reader-text\">\u201e\u00dcber mich\u201c <\/span>weiterlesen<\/a><\/p>\n","protected":false},"author":1,"featured_media":0,"parent":0,"menu_order":0,"comment_status":"closed","ping_status":"closed","template":"","meta":{"footnotes":""},"class_list":["post-83","page","type-page","status-publish","hentry"],"_links":{"self":[{"href":"https:\/\/meier-energie.li\/index.php\/wp-json\/wp\/v2\/pages\/83","targetHints":{"allow":["GET"]}}],"collection":[{"href":"https:\/\/meier-energie.li\/index.php\/wp-json\/wp\/v2\/pages"}],"about":[{"href":"https:\/\/meier-energie.li\/index.php\/wp-json\/wp\/v2\/types\/page"}],"author":[{"embeddable":true,"href":"https:\/\/meier-energie.li\/index.php\/wp-json\/wp\/v2\/users\/1"}],"replies":[{"embeddable":true,"href":"https:\/\/meier-energie.li\/index.php\/wp-json\/wp\/v2\/comments?post=83"}],"version-history":[{"count":7,"href":"https:\/\/meier-energie.li\/index.php\/wp-json\/wp\/v2\/pages\/83\/revisions"}],"predecessor-version":[{"id":146,"href":"https:\/\/meier-energie.li\/index.php\/wp-json\/wp\/v2\/pages\/83\/revisions\/146"}],"wp:attachment":[{"href":"https:\/\/meier-energie.li\/index.php\/wp-json\/wp\/v2\/media?parent=83"}],"curies":[{"name":"wp","href":"https:\/\/api.w.org\/{rel}","templated":true}]}}